{"id":24,"date":"2019-08-12T23:30:09","date_gmt":"2019-08-12T21:30:09","guid":{"rendered":"http:\/\/galacticaz.com\/fr\/?page_id=24"},"modified":"2020-07-29T19:29:51","modified_gmt":"2020-07-29T17:29:51","slug":"politique-de-confidentialite","status":"publish","type":"page","link":"https:\/\/galacticaz.com\/fr\/politique-de-confidentialite\/","title":{"rendered":"Politique de confidentialit\u00e9"},"content":{"rendered":"<p>[et_pb_section fb_built=\u00a0\u00bb1&Prime; admin_label=\u00a0\u00bbsection\u00a0\u00bb _builder_version=\u00a0\u00bb3.22&Prime;][et_pb_row admin_label=\u00a0\u00bbrow\u00a0\u00bb _builder_version=\u00a0\u00bb3.25&Prime; background_size=\u00a0\u00bbinitial\u00a0\u00bb background_position=\u00a0\u00bbtop_left\u00a0\u00bb background_repeat=\u00a0\u00bbrepeat\u00a0\u00bb][et_pb_column type=\u00a0\u00bb4_4&Prime; _builder_version=\u00a0\u00bb3.25&Prime; custom_padding=\u00a0\u00bb|||\u00a0\u00bb custom_padding__hover=\u00a0\u00bb|||\u00a0\u00bb][et_pb_text admin_label=\u00a0\u00bbText\u00a0\u00bb _builder_version=\u00a0\u00bb3.27.4&Prime; background_size=\u00a0\u00bbinitial\u00a0\u00bb background_position=\u00a0\u00bbtop_left\u00a0\u00bb background_repeat=\u00a0\u00bbrepeat\u00a0\u00bb]<\/p>\n<p style=\"text-align: justify;\">Nous nous engageons \u00e0 ce que la collecte et le traitement de vos donn\u00e9es, effectu\u00e9s \u00e0 partir du site http:\/\/www.galacticaz.com\/, soient conformes au r\u00e8glement g\u00e9n\u00e9ral sur la protection des donn\u00e9es (RGPD) et \u00e0 la loi Informatique et Libert\u00e9s.<\/p>\n<h2 style=\"text-align: justify;\">Cookies<\/h2>\n<p style=\"text-align: justify;\">Un cookie est un petit fichier informatique, un traceur, d\u00e9pos\u00e9 et lu par exemple lors de la consultation d&rsquo;un site internet.<br \/>L&rsquo;utilisation de ces outils est soumise \u00e0 votre consentement d\u00e8s lors qu&rsquo;ils ne sont pas strictement n\u00e9cessaires au fonctionnement du site concern\u00e9.<\/p>\n<p style=\"text-align: justify;\">Quels cookies utilisons-nous ?<br \/>Les cookies que nous utilisons proviennent de Google Analytics, qui nous permet de mesurer <strong>anonymement<\/strong> l&rsquo;activit\u00e9 des visiteurs du site. <br \/>Cela nous permet de rep\u00e9rer certains dysfonctionnements, de v\u00e9rifier que toutes les infos sont visibles, d&rsquo;\u00e9valuer l&rsquo;attractivit\u00e9 du site et d&rsquo;am\u00e9liorer l&rsquo;exp\u00e9rience des visiteurs.<\/p>\n<h2 style=\"text-align: justify;\">Formulaires<\/h2>\n<p>Chaque formulaire limite la collecte des donn\u00e9es personnelles au strict n\u00e9cessaire.<\/p>\n<h2>Courriels et lettre d&rsquo;informations<\/h2>\n<p>Si vous nous l&rsquo;avez confi\u00e9e, nous n\u2019utiliserons votre adresse e-mail que dans le cadre des activit\u00e9s que vous avez accept\u00e9es,\u00a0 par exemple pour vous informer de nos nouveaut\u00e9s par notre lettre d&rsquo;information si vous avez choisi de la recevoir.<\/p>\n<h2 style=\"text-align: justify;\">Comment consulter, modifier ou supprimer vos donn\u00e9es stock\u00e9es ?<\/h2>\n<p style=\"text-align: justify;\">Contactez-nous par courrier ou par courriel en joignant la copie d\u2019une pi\u00e8ce d\u2019identit\u00e9. Il est conseill\u00e9 d\u2019effectuer la d\u00e9marche en recommand\u00e9 avec accus\u00e9 de r\u00e9ception.<\/p>\n<p style=\"text-align: justify;\"><strong>Pour vous d\u00e9sabonner de la newsletter, 2 solutions sont disponibles :<\/strong><\/p>\n<ul>\n<li style=\"text-align: justify;\">Cliquez sur \u00ab\u00a0Si vous ne souhaitez plus recevoir nos informations, cliquez ici.\u00bb \u00e0 la fin de la newsletter\u00a0;<\/li>\n<li style=\"text-align: justify;\">Utilisez le formulaire de contact disponible dans l\u2019onglet \u00ab\u00a0contact\u00a0\u00bb.<\/li>\n<\/ul>\n<p>[\/et_pb_text][\/et_pb_column][\/et_pb_row][\/et_pb_section]<\/p>\n","protected":false},"excerpt":{"rendered":"<p>Nous nous engageons \u00e0 ce que la collecte et le traitement de vos donn\u00e9es, effectu\u00e9s \u00e0 partir du site http:\/\/www.galacticaz.com\/, soient conformes au r\u00e8glement g\u00e9n\u00e9ral sur la protection des donn\u00e9es (RGPD) et \u00e0 la loi Informatique et Libert\u00e9s. Cookies Un cookie est un petit fichier informatique, un traceur, d\u00e9pos\u00e9 et lu par exemple lors de [&hellip;]<\/p>\n","protected":false},"author":1,"featured_media":0,"parent":0,"menu_order":0,"comment_status":"closed","ping_status":"closed","template":"","meta":{"_et_pb_use_builder":"on","_et_pb_old_content":"<p style=\"text-align: justify;\">Nous nous engageons \u00e0 ce que la collecte et le traitement de vos donn\u00e9es, effectu\u00e9s \u00e0 partir du site http:\/\/www.galacticaz.com\/, soient conformes au r\u00e8glement g\u00e9n\u00e9ral sur la protection des donn\u00e9es (RGPD) et \u00e0 la loi Informatique et Libert\u00e9s.<\/p>\n\n<h2 style=\"text-align: justify;\">Cookies<\/h2>\n<p style=\"text-align: justify;\">Un cookie est un petit fichier informatique, un traceur, d\u00e9pos\u00e9 et lu par exemple lors de la consultation d'un site internet.\nL'utilisation de ces outils est soumise \u00e0 votre consentement d\u00e8s lors qu'ils ne sont pas strictement n\u00e9cessaires au fonctionnement du site concern\u00e9.<\/p>\n<p style=\"text-align: justify;\">Quels cookies utilisons-nous ?\nLes cookies que nous utilisons proviennent de Google Analytics, qui nous permet de mesurer anonymement l'activit\u00e9 des visiteurs du site.<\/p>\n\n<h2 style=\"text-align: justify;\">Formulaires<\/h2>\nChaque formulaire limite la collecte des donn\u00e9es personnelles au strict n\u00e9cessaire.\n<h2>Courriels et lettre d'informations<\/h2>\nSi vous nous l'avez confi\u00e9e, nous n\u2019utiliserons votre adresse e-mail que dans le cadre des activit\u00e9s que vous avez accept\u00e9es,\u00a0 par exemple pour vous informer de nos nouveaut\u00e9s par notre lettre d'information si vous avez choisi de la recevoir.\n<h2 style=\"text-align: justify;\">Comment consulter, modifier ou supprimer vos donn\u00e9es stock\u00e9es ?<\/h2>\n<p style=\"text-align: justify;\">Contactez-nous par courrier ou par courriel en joignant la copie d\u2019une pi\u00e8ce d\u2019identit\u00e9. Il est conseill\u00e9 d\u2019effectuer la d\u00e9marche en recommand\u00e9 avec accus\u00e9 de r\u00e9ception.<\/p>\n<p style=\"text-align: justify;\"><strong>Pour vous d\u00e9sabonner de la newsletter, 2 solutions sont disponibles :<\/strong><\/p>\n\n<ul>\n \t<li style=\"text-align: justify;\">Cliquez sur \u00ab\u00a0Si vous ne souhaitez plus recevoir nos informations, cliquez ici.\u00bb \u00e0 la fin de la newsletter\u00a0;<\/li>\n \t<li style=\"text-align: justify;\">Utilisez le formulaire de contact disponible dans l\u2019onglet \u00ab\u00a0contact\u00a0\u00bb.<\/li>\n<\/ul>","_et_gb_content_width":"","footnotes":""},"class_list":["post-24","page","type-page","status-publish","hentry"],"yoast_head":"<!-- This site is optimized with the Yoast SEO plugin v27.5 - https:\/\/yoast.com\/product\/yoast-seo-wordpress\/ -->\n<title>Politique de confidentialit\u00e9 - Galacticaz<\/title>\n<meta name=\"robots\" content=\"index, follow, max-snippet:-1, max-image-preview:large, max-video-preview:-1\" \/>\n<link rel=\"canonical\" href=\"https:\/\/galacticaz.com\/fr\/politique-de-confidentialite\/\" \/>\n<meta property=\"og:locale\" content=\"fr_FR\" \/>\n<meta property=\"og:type\" content=\"article\" \/>\n<meta property=\"og:title\" content=\"Politique de confidentialit\u00e9 - Galacticaz\" \/>\n<meta property=\"og:description\" content=\"Nous nous engageons \u00e0 ce que la collecte et le traitement de vos donn\u00e9es, effectu\u00e9s \u00e0 partir du site http:\/\/www.galacticaz.com\/, soient conformes au r\u00e8glement g\u00e9n\u00e9ral sur la protection des donn\u00e9es (RGPD) et \u00e0 la loi Informatique et Libert\u00e9s. Cookies Un cookie est un petit fichier informatique, un traceur, d\u00e9pos\u00e9 et lu par exemple lors de [&hellip;]\" \/>\n<meta property=\"og:url\" content=\"https:\/\/galacticaz.com\/fr\/politique-de-confidentialite\/\" \/>\n<meta property=\"og:site_name\" content=\"Galacticaz France\" \/>\n<meta property=\"article:modified_time\" content=\"2020-07-29T17:29:51+00:00\" \/>\n<meta name=\"twitter:card\" content=\"summary_large_image\" \/>\n<meta name=\"twitter:label1\" content=\"Dur\u00e9e de lecture estim\u00e9e\" \/>\n\t<meta name=\"twitter:data1\" content=\"2 minutes\" \/>\n<script type=\"application\/ld+json\" class=\"yoast-schema-graph\">{\"@context\":\"https:\\\/\\\/schema.org\",\"@graph\":[{\"@type\":\"WebPage\",\"@id\":\"https:\\\/\\\/galacticaz.com\\\/fr\\\/politique-de-confidentialite\\\/\",\"url\":\"https:\\\/\\\/galacticaz.com\\\/fr\\\/politique-de-confidentialite\\\/\",\"name\":\"Politique de confidentialit\u00e9 - Galacticaz\",\"isPartOf\":{\"@id\":\"https:\\\/\\\/galacticaz.com\\\/fr\\\/#website\"},\"datePublished\":\"2019-08-12T21:30:09+00:00\",\"dateModified\":\"2020-07-29T17:29:51+00:00\",\"breadcrumb\":{\"@id\":\"https:\\\/\\\/galacticaz.com\\\/fr\\\/politique-de-confidentialite\\\/#breadcrumb\"},\"inLanguage\":\"fr-FR\",\"potentialAction\":[{\"@type\":\"ReadAction\",\"target\":[\"https:\\\/\\\/galacticaz.com\\\/fr\\\/politique-de-confidentialite\\\/\"]}]},{\"@type\":\"BreadcrumbList\",\"@id\":\"https:\\\/\\\/galacticaz.com\\\/fr\\\/politique-de-confidentialite\\\/#breadcrumb\",\"itemListElement\":[{\"@type\":\"ListItem\",\"position\":1,\"name\":\"Accueil\",\"item\":\"https:\\\/\\\/galacticaz.com\\\/fr\\\/\"},{\"@type\":\"ListItem\",\"position\":2,\"name\":\"Politique de confidentialit\u00e9\"}]},{\"@type\":\"WebSite\",\"@id\":\"https:\\\/\\\/galacticaz.com\\\/fr\\\/#website\",\"url\":\"https:\\\/\\\/galacticaz.com\\\/fr\\\/\",\"name\":\"Galacticaz France\",\"description\":\"\",\"potentialAction\":[{\"@type\":\"SearchAction\",\"target\":{\"@type\":\"EntryPoint\",\"urlTemplate\":\"https:\\\/\\\/galacticaz.com\\\/fr\\\/?s={search_term_string}\"},\"query-input\":{\"@type\":\"PropertyValueSpecification\",\"valueRequired\":true,\"valueName\":\"search_term_string\"}}],\"inLanguage\":\"fr-FR\"}]}<\/script>\n<!-- \/ Yoast SEO plugin. -->","yoast_head_json":{"title":"Politique de confidentialit\u00e9 - Galacticaz","robots":{"index":"index","follow":"follow","max-snippet":"max-snippet:-1","max-image-preview":"max-image-preview:large","max-video-preview":"max-video-preview:-1"},"canonical":"https:\/\/galacticaz.com\/fr\/politique-de-confidentialite\/","og_locale":"fr_FR","og_type":"article","og_title":"Politique de confidentialit\u00e9 - Galacticaz","og_description":"Nous nous engageons \u00e0 ce que la collecte et le traitement de vos donn\u00e9es, effectu\u00e9s \u00e0 partir du site http:\/\/www.galacticaz.com\/, soient conformes au r\u00e8glement g\u00e9n\u00e9ral sur la protection des donn\u00e9es (RGPD) et \u00e0 la loi Informatique et Libert\u00e9s. Cookies Un cookie est un petit fichier informatique, un traceur, d\u00e9pos\u00e9 et lu par exemple lors de [&hellip;]","og_url":"https:\/\/galacticaz.com\/fr\/politique-de-confidentialite\/","og_site_name":"Galacticaz France","article_modified_time":"2020-07-29T17:29:51+00:00","twitter_card":"summary_large_image","twitter_misc":{"Dur\u00e9e de lecture estim\u00e9e":"2 minutes"},"schema":{"@context":"https:\/\/schema.org","@graph":[{"@type":"WebPage","@id":"https:\/\/galacticaz.com\/fr\/politique-de-confidentialite\/","url":"https:\/\/galacticaz.com\/fr\/politique-de-confidentialite\/","name":"Politique de confidentialit\u00e9 - Galacticaz","isPartOf":{"@id":"https:\/\/galacticaz.com\/fr\/#website"},"datePublished":"2019-08-12T21:30:09+00:00","dateModified":"2020-07-29T17:29:51+00:00","breadcrumb":{"@id":"https:\/\/galacticaz.com\/fr\/politique-de-confidentialite\/#breadcrumb"},"inLanguage":"fr-FR","potentialAction":[{"@type":"ReadAction","target":["https:\/\/galacticaz.com\/fr\/politique-de-confidentialite\/"]}]},{"@type":"BreadcrumbList","@id":"https:\/\/galacticaz.com\/fr\/politique-de-confidentialite\/#breadcrumb","itemListElement":[{"@type":"ListItem","position":1,"name":"Accueil","item":"https:\/\/galacticaz.com\/fr\/"},{"@type":"ListItem","position":2,"name":"Politique de confidentialit\u00e9"}]},{"@type":"WebSite","@id":"https:\/\/galacticaz.com\/fr\/#website","url":"https:\/\/galacticaz.com\/fr\/","name":"Galacticaz France","description":"","potentialAction":[{"@type":"SearchAction","target":{"@type":"EntryPoint","urlTemplate":"https:\/\/galacticaz.com\/fr\/?s={search_term_string}"},"query-input":{"@type":"PropertyValueSpecification","valueRequired":true,"valueName":"search_term_string"}}],"inLanguage":"fr-FR"}]}},"_links":{"self":[{"href":"https:\/\/galacticaz.com\/fr\/wp-json\/wp\/v2\/pages\/24","targetHints":{"allow":["GET"]}}],"collection":[{"href":"https:\/\/galacticaz.com\/fr\/wp-json\/wp\/v2\/pages"}],"about":[{"href":"https:\/\/galacticaz.com\/fr\/wp-json\/wp\/v2\/types\/page"}],"author":[{"embeddable":true,"href":"https:\/\/galacticaz.com\/fr\/wp-json\/wp\/v2\/users\/1"}],"replies":[{"embeddable":true,"href":"https:\/\/galacticaz.com\/fr\/wp-json\/wp\/v2\/comments?post=24"}],"version-history":[{"count":8,"href":"https:\/\/galacticaz.com\/fr\/wp-json\/wp\/v2\/pages\/24\/revisions"}],"predecessor-version":[{"id":488,"href":"https:\/\/galacticaz.com\/fr\/wp-json\/wp\/v2\/pages\/24\/revisions\/488"}],"wp:attachment":[{"href":"https:\/\/galacticaz.com\/fr\/wp-json\/wp\/v2\/media?parent=24"}],"curies":[{"name":"wp","href":"https:\/\/api.w.org\/{rel}","templated":true}]}}