{"id":26,"date":"2019-08-12T23:45:24","date_gmt":"2019-08-12T21:45:24","guid":{"rendered":"http:\/\/galacticaz.com\/fr\/?page_id=26"},"modified":"2020-07-29T19:23:13","modified_gmt":"2020-07-29T17:23:13","slug":"mentions-legales","status":"publish","type":"page","link":"https:\/\/galacticaz.com\/fr\/mentions-legales\/","title":{"rendered":"Mentions l\u00e9gales"},"content":{"rendered":"<p>[et_pb_section fb_built=\u00a0\u00bb1&Prime; admin_label=\u00a0\u00bbsection\u00a0\u00bb _builder_version=\u00a0\u00bb3.22&Prime;][et_pb_row admin_label=\u00a0\u00bbrow\u00a0\u00bb _builder_version=\u00a0\u00bb3.25&Prime; background_size=\u00a0\u00bbinitial\u00a0\u00bb background_position=\u00a0\u00bbtop_left\u00a0\u00bb background_repeat=\u00a0\u00bbrepeat\u00a0\u00bb][et_pb_column type=\u00a0\u00bb4_4&Prime; _builder_version=\u00a0\u00bb3.25&Prime; custom_padding=\u00a0\u00bb|||\u00a0\u00bb custom_padding__hover=\u00a0\u00bb|||\u00a0\u00bb][et_pb_text admin_label=\u00a0\u00bbText\u00a0\u00bb _builder_version=\u00a0\u00bb3.27.4&Prime; background_size=\u00a0\u00bbinitial\u00a0\u00bb background_position=\u00a0\u00bbtop_left\u00a0\u00bb background_repeat=\u00a0\u00bbrepeat\u00a0\u00bb]<\/p>\n<p>&nbsp;<\/p>\n<p><!-- divi:paragraph --><\/p>\n<p><strong>\u00c9diteur du site internet <br \/><\/strong><br \/>Galacticaz Productions<br \/>SAS au capital de 6000 euros<br \/>RCS : 849 581 400 R.C.S. <br \/>Si\u00e8ge social : 7 all\u00e9e d&rsquo;Auxois 78310 Maurepas<br \/>Courriel : contact@galacticaz.com<br \/>Directeur de publication : Emmanuel Tr\u00e9pied<\/p>\n<p><!-- \/divi:paragraph --><!-- divi:paragraph --><\/p>\n<p><strong>H\u00e9bergeur <\/strong><\/p>\n<p><!-- \/divi:paragraph --><!-- divi:paragraph --><\/p>\n<p>Planethoster, Inc<br \/>4416 Louis B. Mayer, Laval (Qu\u00e9bec)<br \/>H7P 0G1, Canada<br \/>+33 1 76 60 41 43<\/p>\n<p><!-- \/divi:paragraph --><!-- divi:paragraph --><\/p>\n<p><strong>Donn\u00e9es personnelles<\/strong><\/p>\n<p><!-- \/divi:paragraph --><!-- divi:paragraph --><\/p>\n<p>Aucune information personnelle n&rsquo;est collect\u00e9e \u00e0 votre insu ni c\u00e9d\u00e9e \u00e0 des tiers. Vous disposez d&rsquo;un droit d&rsquo;acc\u00e8s, de rectification et d&rsquo;opposition aux donn\u00e9es vous concernant, droit que vous pouvez exercer en compl\u00e9tant le formulaire de contact ou en envoyant un courriel \u00e0 l\u2019adresse suivante : contact[at]galacticaz.com<\/p>\n<p><!-- \/divi:paragraph --><!-- divi:paragraph --><\/p>\n<p>La politique de confidentialit\u00e9 et de protection des donn\u00e9es personnelles est <a href=\"http:\/\/galacticaz.com\/fr\/politique-de-confidentialite\/\">accessible ici<\/a>.<\/p>\n<p><!-- \/divi:paragraph --><!-- divi:paragraph --><\/p>\n<p><strong>Statistiques et cookies<\/strong><\/p>\n<p><!-- \/divi:paragraph --><!-- divi:paragraph --><\/p>\n<p>En vue d\u2019am\u00e9liorer l&rsquo;exp\u00e9rience des visiteurs du site, nous mesurons le nombre de visites, de pages vues ainsi que l&rsquo;activit\u00e9 des visiteurs. L&rsquo;outil utilis\u00e9, Google Analytics, cr\u00e9e un cookie, c&rsquo;est-\u00e0-dire un fichier texte, avec un identifiant unique. Lorsque vous autorisez les cookies, vous autorisez la collecte de vos donn\u00e9es techniques. Le traitement des donn\u00e9es techniques est effectu\u00e9 de fa\u00e7on anonyme.<\/p>\n<p><!-- \/divi:paragraph --><\/p>\n<p>&nbsp;<\/p>\n<p>&nbsp;<\/p>\n<p>[\/et_pb_text][\/et_pb_column][\/et_pb_row][\/et_pb_section]<\/p>\n","protected":false},"excerpt":{"rendered":"<p>&nbsp; \u00c9diteur du site internet Galacticaz ProductionsSAS au capital de 6000 eurosRCS : 849 581 400 R.C.S. Si\u00e8ge social : 7 all\u00e9e d&rsquo;Auxois 78310 MaurepasCourriel : contact@galacticaz.comDirecteur de publication : Emmanuel Tr\u00e9pied H\u00e9bergeur Planethoster, Inc4416 Louis B. Mayer, Laval (Qu\u00e9bec)H7P 0G1, Canada+33 1 76 60 41 43 Donn\u00e9es personnelles Aucune information personnelle n&rsquo;est collect\u00e9e \u00e0 [&hellip;]<\/p>\n","protected":false},"author":1,"featured_media":0,"parent":0,"menu_order":0,"comment_status":"closed","ping_status":"closed","template":"","meta":{"_et_pb_use_builder":"on","_et_pb_old_content":"<p><\/p>\n\n<!-- wp:paragraph -->\n<p><strong>\u00c9diteur du site internet <br><\/strong><br>Galacticaz Productions<br>SAS au capital de 6000 euros<br>RCS : 849 581 400 R.C.S. <br>Si\u00e8ge social : 7 all\u00e9e d'Auxois 78310 Maurepas<br>Courriel : contact@galacticaz.com<br>Directeur de publication : Emmanuel Tr\u00e9pied<\/p>\n<!-- \/wp:paragraph -->\n\n<!-- wp:paragraph -->\n<p><strong>H\u00e9bergeur <\/strong><\/p>\n<!-- \/wp:paragraph -->\n\n<!-- wp:paragraph -->\n<p>Planethoster, Inc<br>4416 Louis B. Mayer, Laval (Qu\u00e9bec)<br>H7P 0G1, Canada<br>+33 1 76 60 41 43<\/p>\n<!-- \/wp:paragraph -->\n\n<!-- wp:paragraph -->\n<p><strong>Donn\u00e9es personnelles<\/strong><\/p>\n<!-- \/wp:paragraph -->\n\n<!-- wp:paragraph -->\n<p>Aucune information personnelle n'est collect\u00e9e \u00e0 votre insu ni c\u00e9d\u00e9e \u00e0 des tiers. Vous disposez d'un droit d'acc\u00e8s, de rectification et d'opposition aux donn\u00e9es vous concernant, droit que vous pouvez exercer en compl\u00e9tant le formulaire de contact ou en envoyant un courriel \u00e0 l\u2019adresse suivante : contact@galacticaz.com<\/p>\n<!-- \/wp:paragraph -->\n\n<!-- wp:paragraph -->\n<p>La politique de confidentialit\u00e9 et de protection des donn\u00e9es personnelles est <a href=\"http:\/\/galacticaz.com\/fr\/politique-de-confidentialite\/\">accessible ici<\/a>.<\/p>\n<!-- \/wp:paragraph -->\n\n<!-- wp:paragraph -->\n<p><strong>Statistiques et cookies<\/strong><\/p>\n<!-- \/wp:paragraph -->\n\n<!-- wp:paragraph -->\n<p>En vue d\u2019am\u00e9liorer l'exp\u00e9rience des visiteurs du site, nous mesurons le nombre de visites, de pages vues ainsi que l'activit\u00e9 des visiteurs. L'outil utilis\u00e9, Google Analytics, cr\u00e9e un cookie, c'est-\u00e0-dire un fichier texte, avec un identifiant unique. Lorsque vous autorisez les cookies, vous autorisez la collecte de vos donn\u00e9es techniques. Le traitement des donn\u00e9es techniques est effectu\u00e9 de fa\u00e7on anonyme.<\/p>\n<!-- \/wp:paragraph -->\n\n<p><\/p>\n\n<p><\/p>\n\n<p><\/p>\n\n<p><\/p>","_et_gb_content_width":"","footnotes":""},"class_list":["post-26","page","type-page","status-publish","hentry"],"yoast_head":"<!-- This site is optimized with the Yoast SEO plugin v27.5 - https:\/\/yoast.com\/product\/yoast-seo-wordpress\/ -->\n<title>Mentions l\u00e9gales - Galacticaz<\/title>\n<meta name=\"robots\" content=\"noindex, follow\" \/>\n<meta property=\"og:locale\" content=\"fr_FR\" \/>\n<meta property=\"og:type\" content=\"article\" \/>\n<meta property=\"og:title\" content=\"Mentions l\u00e9gales - Galacticaz\" \/>\n<meta property=\"og:description\" content=\"&nbsp; \u00c9diteur du site internet Galacticaz ProductionsSAS au capital de 6000 eurosRCS : 849 581 400 R.C.S. Si\u00e8ge social : 7 all\u00e9e d&#039;Auxois 78310 MaurepasCourriel : contact@galacticaz.comDirecteur de publication : Emmanuel Tr\u00e9pied H\u00e9bergeur Planethoster, Inc4416 Louis B. Mayer, Laval (Qu\u00e9bec)H7P 0G1, Canada+33 1 76 60 41 43 Donn\u00e9es personnelles Aucune information personnelle n&#039;est collect\u00e9e \u00e0 [&hellip;]\" \/>\n<meta property=\"og:url\" content=\"https:\/\/galacticaz.com\/fr\/mentions-legales\/\" \/>\n<meta property=\"og:site_name\" content=\"Galacticaz France\" \/>\n<meta property=\"article:modified_time\" content=\"2020-07-29T17:23:13+00:00\" \/>\n<meta name=\"twitter:card\" content=\"summary_large_image\" \/>\n<meta name=\"twitter:label1\" content=\"Dur\u00e9e de lecture estim\u00e9e\" \/>\n\t<meta name=\"twitter:data1\" content=\"1 minute\" \/>\n<script type=\"application\/ld+json\" class=\"yoast-schema-graph\">{\"@context\":\"https:\\\/\\\/schema.org\",\"@graph\":[{\"@type\":\"WebPage\",\"@id\":\"https:\\\/\\\/galacticaz.com\\\/fr\\\/mentions-legales\\\/\",\"url\":\"https:\\\/\\\/galacticaz.com\\\/fr\\\/mentions-legales\\\/\",\"name\":\"Mentions l\u00e9gales - Galacticaz\",\"isPartOf\":{\"@id\":\"https:\\\/\\\/galacticaz.com\\\/fr\\\/#website\"},\"datePublished\":\"2019-08-12T21:45:24+00:00\",\"dateModified\":\"2020-07-29T17:23:13+00:00\",\"breadcrumb\":{\"@id\":\"https:\\\/\\\/galacticaz.com\\\/fr\\\/mentions-legales\\\/#breadcrumb\"},\"inLanguage\":\"fr-FR\",\"potentialAction\":[{\"@type\":\"ReadAction\",\"target\":[\"https:\\\/\\\/galacticaz.com\\\/fr\\\/mentions-legales\\\/\"]}]},{\"@type\":\"BreadcrumbList\",\"@id\":\"https:\\\/\\\/galacticaz.com\\\/fr\\\/mentions-legales\\\/#breadcrumb\",\"itemListElement\":[{\"@type\":\"ListItem\",\"position\":1,\"name\":\"Accueil\",\"item\":\"https:\\\/\\\/galacticaz.com\\\/fr\\\/\"},{\"@type\":\"ListItem\",\"position\":2,\"name\":\"Mentions l\u00e9gales\"}]},{\"@type\":\"WebSite\",\"@id\":\"https:\\\/\\\/galacticaz.com\\\/fr\\\/#website\",\"url\":\"https:\\\/\\\/galacticaz.com\\\/fr\\\/\",\"name\":\"Galacticaz France\",\"description\":\"\",\"potentialAction\":[{\"@type\":\"SearchAction\",\"target\":{\"@type\":\"EntryPoint\",\"urlTemplate\":\"https:\\\/\\\/galacticaz.com\\\/fr\\\/?s={search_term_string}\"},\"query-input\":{\"@type\":\"PropertyValueSpecification\",\"valueRequired\":true,\"valueName\":\"search_term_string\"}}],\"inLanguage\":\"fr-FR\"}]}<\/script>\n<!-- \/ Yoast SEO plugin. -->","yoast_head_json":{"title":"Mentions l\u00e9gales - Galacticaz","robots":{"index":"noindex","follow":"follow"},"og_locale":"fr_FR","og_type":"article","og_title":"Mentions l\u00e9gales - Galacticaz","og_description":"&nbsp; \u00c9diteur du site internet Galacticaz ProductionsSAS au capital de 6000 eurosRCS : 849 581 400 R.C.S. Si\u00e8ge social : 7 all\u00e9e d'Auxois 78310 MaurepasCourriel : contact@galacticaz.comDirecteur de publication : Emmanuel Tr\u00e9pied H\u00e9bergeur Planethoster, Inc4416 Louis B. Mayer, Laval (Qu\u00e9bec)H7P 0G1, Canada+33 1 76 60 41 43 Donn\u00e9es personnelles Aucune information personnelle n'est collect\u00e9e \u00e0 [&hellip;]","og_url":"https:\/\/galacticaz.com\/fr\/mentions-legales\/","og_site_name":"Galacticaz France","article_modified_time":"2020-07-29T17:23:13+00:00","twitter_card":"summary_large_image","twitter_misc":{"Dur\u00e9e de lecture estim\u00e9e":"1 minute"},"schema":{"@context":"https:\/\/schema.org","@graph":[{"@type":"WebPage","@id":"https:\/\/galacticaz.com\/fr\/mentions-legales\/","url":"https:\/\/galacticaz.com\/fr\/mentions-legales\/","name":"Mentions l\u00e9gales - Galacticaz","isPartOf":{"@id":"https:\/\/galacticaz.com\/fr\/#website"},"datePublished":"2019-08-12T21:45:24+00:00","dateModified":"2020-07-29T17:23:13+00:00","breadcrumb":{"@id":"https:\/\/galacticaz.com\/fr\/mentions-legales\/#breadcrumb"},"inLanguage":"fr-FR","potentialAction":[{"@type":"ReadAction","target":["https:\/\/galacticaz.com\/fr\/mentions-legales\/"]}]},{"@type":"BreadcrumbList","@id":"https:\/\/galacticaz.com\/fr\/mentions-legales\/#breadcrumb","itemListElement":[{"@type":"ListItem","position":1,"name":"Accueil","item":"https:\/\/galacticaz.com\/fr\/"},{"@type":"ListItem","position":2,"name":"Mentions l\u00e9gales"}]},{"@type":"WebSite","@id":"https:\/\/galacticaz.com\/fr\/#website","url":"https:\/\/galacticaz.com\/fr\/","name":"Galacticaz France","description":"","potentialAction":[{"@type":"SearchAction","target":{"@type":"EntryPoint","urlTemplate":"https:\/\/galacticaz.com\/fr\/?s={search_term_string}"},"query-input":{"@type":"PropertyValueSpecification","valueRequired":true,"valueName":"search_term_string"}}],"inLanguage":"fr-FR"}]}},"_links":{"self":[{"href":"https:\/\/galacticaz.com\/fr\/wp-json\/wp\/v2\/pages\/26","targetHints":{"allow":["GET"]}}],"collection":[{"href":"https:\/\/galacticaz.com\/fr\/wp-json\/wp\/v2\/pages"}],"about":[{"href":"https:\/\/galacticaz.com\/fr\/wp-json\/wp\/v2\/types\/page"}],"author":[{"embeddable":true,"href":"https:\/\/galacticaz.com\/fr\/wp-json\/wp\/v2\/users\/1"}],"replies":[{"embeddable":true,"href":"https:\/\/galacticaz.com\/fr\/wp-json\/wp\/v2\/comments?post=26"}],"version-history":[{"count":18,"href":"https:\/\/galacticaz.com\/fr\/wp-json\/wp\/v2\/pages\/26\/revisions"}],"predecessor-version":[{"id":485,"href":"https:\/\/galacticaz.com\/fr\/wp-json\/wp\/v2\/pages\/26\/revisions\/485"}],"wp:attachment":[{"href":"https:\/\/galacticaz.com\/fr\/wp-json\/wp\/v2\/media?parent=26"}],"curies":[{"name":"wp","href":"https:\/\/api.w.org\/{rel}","templated":true}]}}