{"id":57,"date":"2019-08-13T23:04:24","date_gmt":"2019-08-13T21:04:24","guid":{"rendered":"http:\/\/galacticaz.com\/fr\/?page_id=57"},"modified":"2025-10-27T06:56:53","modified_gmt":"2025-10-27T05:56:53","slug":"accueil","status":"publish","type":"page","link":"https:\/\/galacticaz.com\/fr\/","title":{"rendered":"Accueil"},"content":{"rendered":"<p>[et_pb_section fb_built=\u00a0\u00bb1&Prime; _builder_version=\u00a0\u00bb4.16&Prime; background_color=\u00a0\u00bb#02354a\u00a0\u00bb custom_margin=\u00a0\u00bb0px||-20px||false|false\u00a0\u00bb custom_padding=\u00a0\u00bb6px||0px||false|false\u00a0\u00bb global_colors_info=\u00a0\u00bb{}\u00a0\u00bb][et_pb_row _builder_version=\u00a0\u00bb4.16&Prime; border_width_all=\u00a0\u00bb1px\u00a0\u00bb border_color_all=\u00a0\u00bb#7ebec5&Prime; global_colors_info=\u00a0\u00bb{}\u00a0\u00bb][et_pb_column type=\u00a0\u00bb4_4&Prime; _builder_version=\u00a0\u00bb4.16&Prime; global_colors_info=\u00a0\u00bb{}\u00a0\u00bb][et_pb_image src=\u00a0\u00bbhttps:\/\/galacticaz.com\/fr\/wp-content\/uploads\/sites\/2\/2022\/11\/Saturneville_Of-Dreams_Cover-1.jpg\u00a0\u00bb align=\u00a0\u00bbcenter\u00a0\u00bb _builder_version=\u00a0\u00bb4.16&Prime; height=\u00a0\u00bb569px\u00a0\u00bb global_colors_info=\u00a0\u00bb{}\u00a0\u00bb][\/et_pb_image][et_pb_text _builder_version=\u00a0\u00bb4.27.4&Prime; _module_preset=\u00a0\u00bbdefault\u00a0\u00bb text_text_color=\u00a0\u00bb#FFFFFF\u00a0\u00bb text_font_size=\u00a0\u00bb18px\u00a0\u00bb text_orientation=\u00a0\u00bbcenter\u00a0\u00bb global_colors_info=\u00a0\u00bb{}\u00a0\u00bb]<\/p>\n<div class=\"et_pb_module et_pb_text et_pb_text_0  et_pb_text_align_center et_pb_bg_layout_light\">\n<div class=\"et_pb_text_inner\">\n<p style=\"text-align: center;\">Of Dreams, Nightmares and the Undoubtable Benefits of Sleep Deprivation<\/p>\n<\/div>\n<\/div>\n<p>[\/et_pb_text][et_pb_button button_url=\u00a0\u00bbhttps:\/\/galacticaz.com\/fr\/project\/of-dreams-nightmares-and-the-undoubtable-benefits-of-sleep-deprivation-saturneville\/\u00a0\u00bb button_text=\u00a0\u00bbD\u00e9couvrir le nouvel album de SaturneVille\u00a0\u00bb button_alignment=\u00a0\u00bbcenter\u00a0\u00bb _builder_version=\u00a0\u00bb4.16&Prime; custom_button=\u00a0\u00bbon\u00a0\u00bb button_icon=\u00a0\u00bb&#x35;||divi||400&Prime; global_colors_info=\u00a0\u00bb{}\u00a0\u00bb][\/et_pb_button][\/et_pb_column][\/et_pb_row][et_pb_row _builder_version=\u00a0\u00bb4.16&Prime; global_colors_info=\u00a0\u00bb{}\u00a0\u00bb][et_pb_column type=\u00a0\u00bb4_4&Prime; _builder_version=\u00a0\u00bb4.16&Prime; global_colors_info=\u00a0\u00bb{}\u00a0\u00bb][et_pb_video src=\u00a0\u00bbhttps:\/\/youtu.be\/f6_mtdtsKtc\u00a0\u00bb _builder_version=\u00a0\u00bb4.16&Prime; global_colors_info=\u00a0\u00bb{}\u00a0\u00bb][\/et_pb_video][\/et_pb_column][\/et_pb_row][et_pb_row _builder_version=\u00a0\u00bb4.16&Prime; border_width_all=\u00a0\u00bb1px\u00a0\u00bb border_color_all=\u00a0\u00bb#7ebec5&Prime; global_colors_info=\u00a0\u00bb{}\u00a0\u00bb][et_pb_column type=\u00a0\u00bb4_4&Prime; _builder_version=\u00a0\u00bb4.16&Prime; global_colors_info=\u00a0\u00bb{}\u00a0\u00bb][et_pb_image src=\u00a0\u00bbhttps:\/\/galacticaz.com\/fr\/wp-content\/uploads\/sites\/2\/2021\/10\/Album-Art-scaled.jpg\u00a0\u00bb align=\u00a0\u00bbcenter\u00a0\u00bb _builder_version=\u00a0\u00bb4.16&Prime; height=\u00a0\u00bb560px\u00a0\u00bb global_colors_info=\u00a0\u00bb{}\u00a0\u00bb][\/et_pb_image][et_pb_text _builder_version=\u00a0\u00bb4.27.4&Prime; _module_preset=\u00a0\u00bbdefault\u00a0\u00bb text_text_color=\u00a0\u00bb#FFFFFF\u00a0\u00bb text_font_size=\u00a0\u00bb18px\u00a0\u00bb hover_enabled=\u00a0\u00bb0&Prime; sticky_enabled=\u00a0\u00bb0&Prime;]<\/p>\n<p style=\"text-align: center;\">F#<\/p>\n<p>[\/et_pb_text][\/et_pb_column][\/et_pb_row][et_pb_row _builder_version=\u00a0\u00bb4.16&Prime; global_colors_info=\u00a0\u00bb{}\u00a0\u00bb][et_pb_column type=\u00a0\u00bb4_4&Prime; _builder_version=\u00a0\u00bb4.16&Prime; global_colors_info=\u00a0\u00bb{}\u00a0\u00bb][et_pb_button button_url=\u00a0\u00bbhttps:\/\/galacticaz.com\/fr\/project\/f-de-drunk-pedestrians\/\u00a0\u00bb button_text=\u00a0\u00bbD\u00e9couvrir l&rsquo;album de Drunk Pedestrians\u00a0\u00bb button_alignment=\u00a0\u00bbcenter\u00a0\u00bb _builder_version=\u00a0\u00bb4.27.4&Prime; custom_button=\u00a0\u00bbon\u00a0\u00bb hover_enabled=\u00a0\u00bb0&Prime; global_colors_info=\u00a0\u00bb{}\u00a0\u00bb sticky_enabled=\u00a0\u00bb0&Prime;][\/et_pb_button][\/et_pb_column][\/et_pb_row][\/et_pb_section][et_pb_section fb_built=\u00a0\u00bb1&Prime; _builder_version=\u00a0\u00bb4.16&Prime; background_color=\u00a0\u00bb#02354a\u00a0\u00bb global_colors_info=\u00a0\u00bb{}\u00a0\u00bb][et_pb_row _builder_version=\u00a0\u00bb4.16&Prime; custom_padding=\u00a0\u00bb0px||||false|false\u00a0\u00bb global_colors_info=\u00a0\u00bb{}\u00a0\u00bb][et_pb_column type=\u00a0\u00bb4_4&Prime; _builder_version=\u00a0\u00bb4.16&Prime; global_colors_info=\u00a0\u00bb{}\u00a0\u00bb][et_pb_divider _builder_version=\u00a0\u00bb4.16&Prime; global_colors_info=\u00a0\u00bb{}\u00a0\u00bb][\/et_pb_divider][\/et_pb_column][\/et_pb_row][et_pb_row _builder_version=\u00a0\u00bb4.27.4&Prime; _module_preset=\u00a0\u00bbdefault\u00a0\u00bb global_colors_info=\u00a0\u00bb{}\u00a0\u00bb][et_pb_column type=\u00a0\u00bb4_4&Prime; _builder_version=\u00a0\u00bb4.27.4&Prime; _module_preset=\u00a0\u00bbdefault\u00a0\u00bb global_colors_info=\u00a0\u00bb{}\u00a0\u00bb][et_pb_text _builder_version=\u00a0\u00bb4.27.4&Prime; global_colors_info=\u00a0\u00bb{}\u00a0\u00bb]<\/p>\n<h2 style=\"text-align: center;\"><span style=\"color: #ffffff;\">Gardez un\u00a0\u0153il sur notre actualit\u00e9<\/span><\/h2>\n<p>[\/et_pb_text][et_pb_button button_url=\u00a0\u00bbhttps:\/\/galacticaz.com\/fr\/lettre-dinfo-newsletter\/\u00a0\u00bb button_text=\u00a0\u00bbS&rsquo;abonner  \u00a0\u00bb button_alignment=\u00a0\u00bbcenter\u00a0\u00bb _builder_version=\u00a0\u00bb4.16&Prime; custom_margin=\u00a0\u00bb0px||||false|false\u00a0\u00bb custom_padding=\u00a0\u00bb0px||||false|false\u00a0\u00bb global_colors_info=\u00a0\u00bb{}\u00a0\u00bb][\/et_pb_button][\/et_pb_column][\/et_pb_row][\/et_pb_section]<\/p>\n","protected":false},"excerpt":{"rendered":"<p>Of Dreams, Nightmares and the Undoubtable Benefits of Sleep Deprivation F#Gardez un\u00a0\u0153il sur notre actualit\u00e9<\/p>\n","protected":false},"author":1,"featured_media":0,"parent":0,"menu_order":0,"comment_status":"closed","ping_status":"closed","template":"","meta":{"_et_pb_use_builder":"on","_et_pb_old_content":"<h2>Musique<\/h2>\n<p><\/p>\n\n<!-- wp:paragraph -->\n<\/p>\n<p style=\"text-align: center\"><strong>Galacticaz est un producteur et \u00e9diteur ind\u00e9pendant. Les d\u00e9marches que nous appr\u00e9cions d\u00e9frichent des terres m\u00e9connues, souvent, revisitent des lieux ancestraux, parfois. La plupart du temps sans le vouloir. Alors oui, nous avons une pr\u00e9dilection pour les mondes afro-occidentaux, les croisements stylistiques et les tendances \u00e9lectroniques, mais pas seulement.<\/strong><\/p>\n<p style=\"text-align: center\"><a href=\"http:\/\/galacticaz.com\/fr\/galacticaz-musique-la-maison-de-disques\/\">En savoir plus<\/a> <br \/><\/p>\n<p style=\"text-align: center\">\u00a0<\/p>\n<p style=\"text-align: center\">\u00a0<\/p>\n<p style=\"text-align: center\">\u00a0<\/p>\n<p style=\"text-align: center\">\u00a0<\/p>\n<p>\u00a0<\/p>\n<p>\u00a0<\/p>\n<p>\u00a0<\/p>\n<p>\u00a0<\/p>\n<p>\n<!-- \/wp:paragraph -->\n\n<p><\/p>\n<h2>M\u00e9dias et cr\u00e9ations web<\/h2>\n<p style=\"text-align: center\">\n<\/p><p style=\"text-align: center\"><strong>Le WEB et les nouvelles technologies sont nos terrains de jeu favoris. La vari\u00e9t\u00e9 des formats possibles permet de proposer des m\u00e9dias et des productions audiovisuelles r\u00e9solument cr\u00e9atifs. Faire sentir le monde par tous les moyens n\u00e9cessaires.<\/strong><\/p>\n<p style=\"text-align: center\"><a href=\"http:\/\/galacticaz.com\/fr\/galacticaz-medias-plateformes-et-contenus-web\/\">En savoir plus<\/a><\/p>\n<p><\/p>","_et_gb_content_width":"","footnotes":""},"class_list":["post-57","page","type-page","status-publish","hentry"],"yoast_head":"<!-- This site is optimized with the Yoast SEO plugin v27.4 - https:\/\/yoast.com\/product\/yoast-seo-wordpress\/ -->\n<title>Accueil - Galacticaz<\/title>\n<meta name=\"robots\" content=\"index, follow, max-snippet:-1, max-image-preview:large, max-video-preview:-1\" \/>\n<link rel=\"canonical\" href=\"https:\/\/galacticaz.com\/fr\/\" \/>\n<meta property=\"og:locale\" content=\"fr_FR\" \/>\n<meta property=\"og:type\" content=\"article\" \/>\n<meta property=\"og:title\" content=\"Accueil - Galacticaz\" \/>\n<meta property=\"og:description\" content=\"Of Dreams, Nightmares and the Undoubtable Benefits of Sleep Deprivation F#Gardez un\u00a0\u0153il sur notre actualit\u00e9\" \/>\n<meta property=\"og:url\" content=\"https:\/\/galacticaz.com\/fr\/\" \/>\n<meta property=\"og:site_name\" content=\"Galacticaz France\" \/>\n<meta property=\"article:modified_time\" content=\"2025-10-27T05:56:53+00:00\" \/>\n<meta name=\"twitter:card\" content=\"summary_large_image\" \/>\n<meta name=\"twitter:label1\" content=\"Dur\u00e9e de lecture estim\u00e9e\" \/>\n\t<meta name=\"twitter:data1\" content=\"2 minutes\" \/>\n<script type=\"application\/ld+json\" class=\"yoast-schema-graph\">{\"@context\":\"https:\\\/\\\/schema.org\",\"@graph\":[{\"@type\":\"WebPage\",\"@id\":\"https:\\\/\\\/galacticaz.com\\\/fr\\\/\",\"url\":\"https:\\\/\\\/galacticaz.com\\\/fr\\\/\",\"name\":\"Accueil - Galacticaz\",\"isPartOf\":{\"@id\":\"https:\\\/\\\/galacticaz.com\\\/fr\\\/#website\"},\"datePublished\":\"2019-08-13T21:04:24+00:00\",\"dateModified\":\"2025-10-27T05:56:53+00:00\",\"breadcrumb\":{\"@id\":\"https:\\\/\\\/galacticaz.com\\\/fr\\\/#breadcrumb\"},\"inLanguage\":\"fr-FR\",\"potentialAction\":[{\"@type\":\"ReadAction\",\"target\":[\"https:\\\/\\\/galacticaz.com\\\/fr\\\/\"]}]},{\"@type\":\"BreadcrumbList\",\"@id\":\"https:\\\/\\\/galacticaz.com\\\/fr\\\/#breadcrumb\",\"itemListElement\":[{\"@type\":\"ListItem\",\"position\":1,\"name\":\"Accueil\",\"item\":\"https:\\\/\\\/galacticaz.com\\\/fr\\\/\"},{\"@type\":\"ListItem\",\"position\":2,\"name\":\"Accueil\"}]},{\"@type\":\"WebSite\",\"@id\":\"https:\\\/\\\/galacticaz.com\\\/fr\\\/#website\",\"url\":\"https:\\\/\\\/galacticaz.com\\\/fr\\\/\",\"name\":\"Galacticaz France\",\"description\":\"\",\"potentialAction\":[{\"@type\":\"SearchAction\",\"target\":{\"@type\":\"EntryPoint\",\"urlTemplate\":\"https:\\\/\\\/galacticaz.com\\\/fr\\\/?s={search_term_string}\"},\"query-input\":{\"@type\":\"PropertyValueSpecification\",\"valueRequired\":true,\"valueName\":\"search_term_string\"}}],\"inLanguage\":\"fr-FR\"}]}<\/script>\n<!-- \/ Yoast SEO plugin. -->","yoast_head_json":{"title":"Accueil - Galacticaz","robots":{"index":"index","follow":"follow","max-snippet":"max-snippet:-1","max-image-preview":"max-image-preview:large","max-video-preview":"max-video-preview:-1"},"canonical":"https:\/\/galacticaz.com\/fr\/","og_locale":"fr_FR","og_type":"article","og_title":"Accueil - Galacticaz","og_description":"Of Dreams, Nightmares and the Undoubtable Benefits of Sleep Deprivation F#Gardez un\u00a0\u0153il sur notre actualit\u00e9","og_url":"https:\/\/galacticaz.com\/fr\/","og_site_name":"Galacticaz France","article_modified_time":"2025-10-27T05:56:53+00:00","twitter_card":"summary_large_image","twitter_misc":{"Dur\u00e9e de lecture estim\u00e9e":"2 minutes"},"schema":{"@context":"https:\/\/schema.org","@graph":[{"@type":"WebPage","@id":"https:\/\/galacticaz.com\/fr\/","url":"https:\/\/galacticaz.com\/fr\/","name":"Accueil - Galacticaz","isPartOf":{"@id":"https:\/\/galacticaz.com\/fr\/#website"},"datePublished":"2019-08-13T21:04:24+00:00","dateModified":"2025-10-27T05:56:53+00:00","breadcrumb":{"@id":"https:\/\/galacticaz.com\/fr\/#breadcrumb"},"inLanguage":"fr-FR","potentialAction":[{"@type":"ReadAction","target":["https:\/\/galacticaz.com\/fr\/"]}]},{"@type":"BreadcrumbList","@id":"https:\/\/galacticaz.com\/fr\/#breadcrumb","itemListElement":[{"@type":"ListItem","position":1,"name":"Accueil","item":"https:\/\/galacticaz.com\/fr\/"},{"@type":"ListItem","position":2,"name":"Accueil"}]},{"@type":"WebSite","@id":"https:\/\/galacticaz.com\/fr\/#website","url":"https:\/\/galacticaz.com\/fr\/","name":"Galacticaz France","description":"","potentialAction":[{"@type":"SearchAction","target":{"@type":"EntryPoint","urlTemplate":"https:\/\/galacticaz.com\/fr\/?s={search_term_string}"},"query-input":{"@type":"PropertyValueSpecification","valueRequired":true,"valueName":"search_term_string"}}],"inLanguage":"fr-FR"}]}},"_links":{"self":[{"href":"https:\/\/galacticaz.com\/fr\/wp-json\/wp\/v2\/pages\/57","targetHints":{"allow":["GET"]}}],"collection":[{"href":"https:\/\/galacticaz.com\/fr\/wp-json\/wp\/v2\/pages"}],"about":[{"href":"https:\/\/galacticaz.com\/fr\/wp-json\/wp\/v2\/types\/page"}],"author":[{"embeddable":true,"href":"https:\/\/galacticaz.com\/fr\/wp-json\/wp\/v2\/users\/1"}],"replies":[{"embeddable":true,"href":"https:\/\/galacticaz.com\/fr\/wp-json\/wp\/v2\/comments?post=57"}],"version-history":[{"count":138,"href":"https:\/\/galacticaz.com\/fr\/wp-json\/wp\/v2\/pages\/57\/revisions"}],"predecessor-version":[{"id":729,"href":"https:\/\/galacticaz.com\/fr\/wp-json\/wp\/v2\/pages\/57\/revisions\/729"}],"wp:attachment":[{"href":"https:\/\/galacticaz.com\/fr\/wp-json\/wp\/v2\/media?parent=57"}],"curies":[{"name":"wp","href":"https:\/\/api.w.org\/{rel}","templated":true}]}}